{"id":536,"date":"2025-01-02T09:20:15","date_gmt":"2025-01-02T08:20:15","guid":{"rendered":"https:\/\/anwalt-offenbach.de\/wordpress\/?page_id=536"},"modified":"2025-01-06T15:54:22","modified_gmt":"2025-01-06T14:54:22","slug":"claudia-ostarek","status":"publish","type":"page","link":"https:\/\/anwalt-offenbach.de\/wordpress\/claudia-ostarek\/","title":{"rendered":"Claudia Ostarek"},"content":{"rendered":"<p><strong><img loading=\"lazy\" decoding=\"async\" class=\"size-thumbnail wp-image-538 alignleft\" src=\"https:\/\/anwalt-offenbach.de\/wordpress\/wp-content\/uploads\/2025\/01\/Ostarek-150x150.jpg\" alt=\"\" width=\"150\" height=\"150\" srcset=\"https:\/\/anwalt-offenbach.de\/wordpress\/wp-content\/uploads\/2025\/01\/Ostarek-150x150.jpg 150w, https:\/\/anwalt-offenbach.de\/wordpress\/wp-content\/uploads\/2025\/01\/Ostarek-50x50.jpg 50w, https:\/\/anwalt-offenbach.de\/wordpress\/wp-content\/uploads\/2025\/01\/Ostarek-80x80.jpg 80w, https:\/\/anwalt-offenbach.de\/wordpress\/wp-content\/uploads\/2025\/01\/Ostarek.jpg 180w\" sizes=\"auto, (max-width: 150px) 100vw, 150px\" \/>Fachanw\u00e4ltin f\u00fcr Versicherungsrecht und Sozialrecht<br \/>\n<\/strong><a href=\"mailto:claudia.ostarek@anwalt-offenbach.de\">claudia.ostarek@anwalt-offenbach.de<\/a><\/p>\n<p>Nach Ihrem Studium an der Justus-Liebig-Universit\u00e4t in Gie\u00dfen absolvierte Frau Ostarek Ihr Referendariat im Landgerichtsbezirk Frankfurt am Main und in einer Auslandsstation in der Law Firm Blake Dawson Waldron in Sydney\/Australien.<\/p>\n<p>Nach einer langj\u00e4hrigen T\u00e4tigkeit f\u00fcr die DAS Rechtsschutzversicherung (jetzt ERGO) in Frankfurt am Main und freier Mitarbeit in zwei Frankfurter Anwaltskanzleien gr\u00fcndete Frau Ostarek 2009 ihre eigene Kanzlei in Bad Vilbel, in der sie bis 2024 erfolgreich t\u00e4tig war.<\/p>\n<p>Den ersten Fachanwaltstitel f\u00fcr das Rechtsgebiet Sozialrecht erlangte Sie im Jahr 2012, den zweiten Fachanwaltstitel f\u00fcr Versicherungsrecht 2017.<\/p>\n<p>Ihre im Rahmen ihrer T\u00e4tigkeit f\u00fcr einen Frankfurter Mieterschutzverein vertieften Kenntnisse im Mietrecht finden ihre Fortsetzung in einer fortlaufenden intensiven Bearbeitung mietrechtlicher Mandate sowohl auf Vermieter als auch auf Mieterseite. Nachdem wiederkehrend auch arbeitsrechtliche F\u00e4lle an sie herangetragen wurden und werden, vertritt Frau Ostarek sowohl Arbeitgeber als auch Arbeitnehmer regelm\u00e4\u00dfig in diesem Rechtsgebiet au\u00dfergerichtlich wie gerichtlich. <\/p>\n<p>Da der Kollege Koch mit Frau Ostarek bereits bei der DAS Rechtsschutzversicherung zusammenarbeitete und auch nach einer kollegialen T\u00e4tigkeit seit vielen Jahren ein vertrauensvolles anwaltliches Kooperationsverh\u00e4ltnis besteht, konnten wir Frau Ostarek nunmehr zur Erweiterung der T\u00e4tigkeitsfelder unserer Kanzlei gewinnen.<\/p>\n<p>Unsere neue Kollegin zeichnet sich durch pers\u00f6nliche Einsatzbereitschaft und hohe Kompetenz aus. Durch Ihre eigene Lebenserfahrung als &#8222;Babyboomerin&#8220; und Mutter zweier Kinder kennt Frau Ostarek die besonderen Beratungsbed\u00fcrfnisse unserer Mandantschaft in den verschiedensten Lebenslagen und den von ihr betreuten Rechtsgebieten:<\/p>\n<p><strong>T\u00e4tigkeitsschwerpunkte<\/strong><\/p>\n<ul>\n<li>Sozialrecht<\/li>\n<li>Miet- und Wohnungseigentumsrecht<\/li>\n<li>Arbeitsrecht<\/li>\n<li>Versicherungsrecht<\/li>\n<li>Allgemeines Zivilrecht<\/li>\n<li>Elternunterhalt<\/li>\n<\/ul>\n","protected":false},"excerpt":{"rendered":"<p>Fachanw\u00e4ltin f\u00fcr Versicherungsrecht und Sozialrecht claudia.ostarek@anwalt-offenbach.de Nach Ihrem Studium an der Justus-Liebig-Universit\u00e4t in Gie\u00dfen absolvierte Frau Ostarek Ihr Referendariat im Landgerichtsbezirk Frankfurt am Main und in einer Auslandsstation in der Law Firm Blake Dawson Waldron in Sydney\/Australien. Nach einer langj\u00e4hrigen T\u00e4tigkeit f\u00fcr die DAS Rechtsschutzversicherung (jetzt ERGO) in Frankfurt am Main und freier Mitarbeit in [&hellip;]<\/p>\n","protected":false},"author":1,"featured_media":0,"parent":0,"menu_order":0,"comment_status":"closed","ping_status":"closed","template":"","meta":{"footnotes":""},"class_list":["post-536","page","type-page","status-publish","hentry"],"_links":{"self":[{"href":"https:\/\/anwalt-offenbach.de\/wordpress\/wp-json\/wp\/v2\/pages\/536","targetHints":{"allow":["GET"]}}],"collection":[{"href":"https:\/\/anwalt-offenbach.de\/wordpress\/wp-json\/wp\/v2\/pages"}],"about":[{"href":"https:\/\/anwalt-offenbach.de\/wordpress\/wp-json\/wp\/v2\/types\/page"}],"author":[{"embeddable":true,"href":"https:\/\/anwalt-offenbach.de\/wordpress\/wp-json\/wp\/v2\/users\/1"}],"replies":[{"embeddable":true,"href":"https:\/\/anwalt-offenbach.de\/wordpress\/wp-json\/wp\/v2\/comments?post=536"}],"version-history":[{"count":6,"href":"https:\/\/anwalt-offenbach.de\/wordpress\/wp-json\/wp\/v2\/pages\/536\/revisions"}],"predecessor-version":[{"id":560,"href":"https:\/\/anwalt-offenbach.de\/wordpress\/wp-json\/wp\/v2\/pages\/536\/revisions\/560"}],"wp:attachment":[{"href":"https:\/\/anwalt-offenbach.de\/wordpress\/wp-json\/wp\/v2\/media?parent=536"}],"curies":[{"name":"wp","href":"https:\/\/api.w.org\/{rel}","templated":true}]}}