{"id":31,"date":"2019-08-31T12:17:31","date_gmt":"2019-08-31T10:17:31","guid":{"rendered":"https:\/\/anwalt-offenbach.de\/wordpress\/?page_id=31"},"modified":"2019-09-07T15:52:43","modified_gmt":"2019-09-07T13:52:43","slug":"terminvorbereitung","status":"publish","type":"page","link":"https:\/\/anwalt-offenbach.de\/wordpress\/terminvorbereitung\/","title":{"rendered":"Terminvorbereitung"},"content":{"rendered":"<div id=\"oben\">\n<p>Wenn Sie eine Beratung oder Vertretung Ihrer Interessen durch uns w\u00fcnschen, m\u00f6chten wir Ihnen einige Hinweise zur Vorbereitung der Zusammenarbeit geben. Je besser die Beratung vorbereitet wird, desto effektiver kann sie erfolgen.<\/p>\n<p>Daher ist es sinnvoll, zum oder besser noch vor dem ersten Beratungsgespr\u00e4ch, die erforderlichen Unterlagen m\u00f6glichst umfassend bereitzustellen. Im g\u00fcnstigsten Fall, wenn nach Durchsicht der Unterlagen kein zus\u00e4tzlicher Besprechungsbedarf erkennbar ist, kann auf ein zeitaufwendiges pers\u00f6nliches Beratungsgespr\u00e4ch verzichtet und die Angelegenheit schriftlich gekl\u00e4rt bzw. bearbeitet werden.<\/p>\n<p>Nachfolgend finden Sie eine Zusammenstellung der erforderlichen Informationen. W\u00e4hrend die allgemein erforderlichen Unterlagen und Angaben immer ben\u00f6tigt werden, sind f\u00fcr arbeitsrechtliche, f\u00fcr familienrechtliche sowie f\u00fcr verkehrsrechtliche Mandate jeweils spezifische zus\u00e4tzliche Informationen notwendig. Sie k\u00f6nnen die &#8222;Frageb\u00f6gen&#8220; ausdrucken, ausf\u00fcllen, und uns per Post oder pers\u00f6nlich beim Beratungsgespr\u00e4ch \u00fcbergeben. Sie k\u00f6nnen diese &#8222;Frageb\u00f6gen&#8220; aber auch am PC ausf\u00fcllen und uns direkt zuleiten.<\/p>\n<p>Im Anschlu\u00df daran finden Sie noch ein <a href=\"https:\/\/anwalt-offenbach.de\/seiten\/vollmacht.pdf\" target=\"_blank\" rel=\"noopener noreferrer\">Vollmachtsformular<\/a>, das wir zur Legitimation unseres T\u00e4tigwerdens nach au\u00dfen, d.h. gegen\u00fcber Dritten, ben\u00f6tigen. Dieses kann uns leider auf diesem einfachen Weg nicht zug\u00e4nglich gemacht werden. Hier ist eine Papierform, also ein Ausdruck, mit Ihrer Unterschrift erforderlich.<\/p>\n<\/div>\n<div id=\"unten\">\n<p>Wir m\u00f6chten Sie hiermit \u00fcber die Grundz\u00fcge der Anwaltsverg\u00fctung informieren. Nach dem Rechtsanwaltsverg\u00fctungsgesetz (RVG) bestimmt sich das Honorar des Anwalts aus einer Kombination von Gesch\u00e4ftswert (bzw. im Falle eines Rechtsstreites Streitwert) und bestimmten Kategorien von T\u00e4tigkeiten. Je h\u00f6her dieser Gesch\u00e4ftswert ist, desto mehr kostet die anwaltliche T\u00e4tigkeit unabh\u00e4ngig davon, wie gro\u00df der Aufwand ist. Soll sich die Verg\u00fctung st\u00e4rker am zeitlichen Aufwand des Anwalts orientieren, so empfiehlt sich der Abschluss einer Honorarvereinbarung, hier insbesondere einer Stundenhonorarvereinbarung. Dabei ist allerdings zu beachten, dass die in einem gerichtlichen Verfahren angefallenen gesetzlichen Geb\u00fchren durch eine Honorarvereinbarung nicht unterschritten werden d\u00fcrfen. Dies ist dem Anwalt in \u00a7 49b Bundesrechtanwaltsordnung ebenso verboten, wie die Vereinbarung eines Erfolgshonorars oder die Vereinbarung einer Beteiligung am erstrittenen Gewinn.<\/p>\n<\/div>\n","protected":false},"excerpt":{"rendered":"<p>Wenn Sie eine Beratung oder Vertretung Ihrer Interessen durch uns w\u00fcnschen, m\u00f6chten wir Ihnen einige Hinweise zur Vorbereitung der Zusammenarbeit geben. Je besser die Beratung vorbereitet wird, desto effektiver kann sie erfolgen. Daher ist es sinnvoll, zum oder besser noch vor dem ersten Beratungsgespr\u00e4ch, die erforderlichen Unterlagen m\u00f6glichst umfassend bereitzustellen. Im g\u00fcnstigsten Fall, wenn nach [&hellip;]<\/p>\n","protected":false},"author":1,"featured_media":0,"parent":0,"menu_order":0,"comment_status":"closed","ping_status":"closed","template":"","meta":{"footnotes":""},"class_list":["post-31","page","type-page","status-publish","hentry"],"_links":{"self":[{"href":"https:\/\/anwalt-offenbach.de\/wordpress\/wp-json\/wp\/v2\/pages\/31","targetHints":{"allow":["GET"]}}],"collection":[{"href":"https:\/\/anwalt-offenbach.de\/wordpress\/wp-json\/wp\/v2\/pages"}],"about":[{"href":"https:\/\/anwalt-offenbach.de\/wordpress\/wp-json\/wp\/v2\/types\/page"}],"author":[{"embeddable":true,"href":"https:\/\/anwalt-offenbach.de\/wordpress\/wp-json\/wp\/v2\/users\/1"}],"replies":[{"embeddable":true,"href":"https:\/\/anwalt-offenbach.de\/wordpress\/wp-json\/wp\/v2\/comments?post=31"}],"version-history":[{"count":3,"href":"https:\/\/anwalt-offenbach.de\/wordpress\/wp-json\/wp\/v2\/pages\/31\/revisions"}],"predecessor-version":[{"id":156,"href":"https:\/\/anwalt-offenbach.de\/wordpress\/wp-json\/wp\/v2\/pages\/31\/revisions\/156"}],"wp:attachment":[{"href":"https:\/\/anwalt-offenbach.de\/wordpress\/wp-json\/wp\/v2\/media?parent=31"}],"curies":[{"name":"wp","href":"https:\/\/api.w.org\/{rel}","templated":true}]}}