{"id":300,"date":"2020-05-30T11:03:43","date_gmt":"2020-05-30T09:03:43","guid":{"rendered":"https:\/\/anwalt-offenbach.de\/wordpress\/?page_id=300"},"modified":"2022-10-18T11:03:30","modified_gmt":"2022-10-18T09:03:30","slug":"unsere-sprachkompetenz","status":"publish","type":"page","link":"https:\/\/anwalt-offenbach.de\/wordpress\/unsere-sprachkompetenz\/","title":{"rendered":"Unsere Sprachkompetenz"},"content":{"rendered":"<p>Neben der Rechtsberatung in Deutsch bieten wir selbstverst\u00e4ndlich auch die M\u00f6glichkeit, in anderen Sprachen mit uns zu kommunizieren. Nachfolgend geben wir einen \u00dcberblick \u00fcber unsere Sprachkompetenz:<\/p>\n<p>Eine Rechtsberatung in Englisch ist ohne Probleme m\u00f6glich. Die Sprachkompetenz ist dabei mit der in Deutsch identisch. Gerade f\u00fcr ausl\u00e4ndische Mandanten bietet dies immer einen sicheren &#8222;Fallback&#8220;, wenn es mal mit der deutschen Sprache nicht so gut funktionieren w\u00fcrde.<\/p>\n<p>Rechtsanwalt Schatz bietet auch Rechtsberatung in der italienischen Sprache an. Da er die italienische Sprache im Selbststudium erlernte, ist seine Aussprache nicht frei von Fehlern. Aber es reicht, um sich zu verst\u00e4ndigen und die erforderlichen Informationen f\u00fcr die Bearbeitung eines Mandats einzuholen.<\/p>\n<p>Unsere Sekret\u00e4rin, Frau Kaufmann, spricht flie\u00dfend russisch. Auch sie kann im Mandantengespr\u00e4ch dolmetschen und steht unseren russischen Mandanten als Ansprechpartnerin zur Verf\u00fcgung.<\/p>\n","protected":false},"excerpt":{"rendered":"<p>Neben der Rechtsberatung in Deutsch bieten wir selbstverst\u00e4ndlich auch die M\u00f6glichkeit, in anderen Sprachen mit uns zu kommunizieren. Nachfolgend geben wir einen \u00dcberblick \u00fcber unsere Sprachkompetenz: Eine Rechtsberatung in Englisch ist ohne Probleme m\u00f6glich. Die Sprachkompetenz ist dabei mit der in Deutsch identisch. Gerade f\u00fcr ausl\u00e4ndische Mandanten bietet dies immer einen sicheren &#8222;Fallback&#8220;, wenn es [&hellip;]<\/p>\n","protected":false},"author":1,"featured_media":0,"parent":0,"menu_order":0,"comment_status":"closed","ping_status":"closed","template":"","meta":{"footnotes":""},"class_list":["post-300","page","type-page","status-publish","hentry"],"_links":{"self":[{"href":"https:\/\/anwalt-offenbach.de\/wordpress\/wp-json\/wp\/v2\/pages\/300","targetHints":{"allow":["GET"]}}],"collection":[{"href":"https:\/\/anwalt-offenbach.de\/wordpress\/wp-json\/wp\/v2\/pages"}],"about":[{"href":"https:\/\/anwalt-offenbach.de\/wordpress\/wp-json\/wp\/v2\/types\/page"}],"author":[{"embeddable":true,"href":"https:\/\/anwalt-offenbach.de\/wordpress\/wp-json\/wp\/v2\/users\/1"}],"replies":[{"embeddable":true,"href":"https:\/\/anwalt-offenbach.de\/wordpress\/wp-json\/wp\/v2\/comments?post=300"}],"version-history":[{"count":3,"href":"https:\/\/anwalt-offenbach.de\/wordpress\/wp-json\/wp\/v2\/pages\/300\/revisions"}],"predecessor-version":[{"id":483,"href":"https:\/\/anwalt-offenbach.de\/wordpress\/wp-json\/wp\/v2\/pages\/300\/revisions\/483"}],"wp:attachment":[{"href":"https:\/\/anwalt-offenbach.de\/wordpress\/wp-json\/wp\/v2\/media?parent=300"}],"curies":[{"name":"wp","href":"https:\/\/api.w.org\/{rel}","templated":true}]}}