{"id":259,"date":"2020-05-30T09:08:02","date_gmt":"2020-05-30T07:08:02","guid":{"rendered":"https:\/\/anwalt-offenbach.de\/wordpress\/?page_id=259"},"modified":"2023-04-14T11:01:44","modified_gmt":"2023-04-14T09:01:44","slug":"elsa-kaufmann","status":"publish","type":"page","link":"https:\/\/anwalt-offenbach.de\/wordpress\/elsa-kaufmann\/","title":{"rendered":"Elsa Ihl"},"content":{"rendered":"<p><strong><img loading=\"lazy\" decoding=\"async\" class=\"alignleft size-medium wp-image-306\" src=\"https:\/\/anwalt-offenbach.de\/wordpress\/wp-content\/uploads\/2020\/07\/elsa01-300x300.jpg\" alt=\"\" width=\"300\" height=\"300\" srcset=\"https:\/\/anwalt-offenbach.de\/wordpress\/wp-content\/uploads\/2020\/07\/elsa01-300x300.jpg 300w, https:\/\/anwalt-offenbach.de\/wordpress\/wp-content\/uploads\/2020\/07\/elsa01-150x150.jpg 150w, https:\/\/anwalt-offenbach.de\/wordpress\/wp-content\/uploads\/2020\/07\/elsa01-50x50.jpg 50w, https:\/\/anwalt-offenbach.de\/wordpress\/wp-content\/uploads\/2020\/07\/elsa01-80x80.jpg 80w, https:\/\/anwalt-offenbach.de\/wordpress\/wp-content\/uploads\/2020\/07\/elsa01.jpg 320w\" sizes=\"auto, (max-width: 300px) 100vw, 300px\" \/>Elsa Ihl<\/strong><br \/>\n<a href=\"mailto:elsa.kaufmann@anwalt-offenbach.de\">elsa.kaufmann@anwalt-offenbach.de<\/a><br \/>\nFrau Ihl, geborene Kaufmann, war bereits als Azubine seit 2010 f\u00fcr unsere Kanzlei t\u00e4tig. Nachdem sie Ihre Ausbildung erfolgreich abgeschlossen hatte, wurde sie als feste Angestellte \u00fcbernommen. Zur Zeit ist sie im Erziehungsurlaub; seit April 2023 ist sie wieder zur\u00fcck &#8211; wenn auch zun\u00e4chst nur in Teilzeit.<\/p>\n<p>Frau Ihl spricht flie\u00dfend russisch.<\/p>\n","protected":false},"excerpt":{"rendered":"<p>Elsa Ihl elsa.kaufmann@anwalt-offenbach.de Frau Ihl, geborene Kaufmann, war bereits als Azubine seit 2010 f\u00fcr unsere Kanzlei t\u00e4tig. Nachdem sie Ihre Ausbildung erfolgreich abgeschlossen hatte, wurde sie als feste Angestellte \u00fcbernommen. Zur Zeit ist sie im Erziehungsurlaub; seit April 2023 ist sie wieder zur\u00fcck &#8211; wenn auch zun\u00e4chst nur in Teilzeit. Frau Ihl spricht flie\u00dfend russisch.<\/p>\n","protected":false},"author":1,"featured_media":0,"parent":0,"menu_order":0,"comment_status":"closed","ping_status":"closed","template":"","meta":{"footnotes":""},"class_list":["post-259","page","type-page","status-publish","hentry"],"_links":{"self":[{"href":"https:\/\/anwalt-offenbach.de\/wordpress\/wp-json\/wp\/v2\/pages\/259","targetHints":{"allow":["GET"]}}],"collection":[{"href":"https:\/\/anwalt-offenbach.de\/wordpress\/wp-json\/wp\/v2\/pages"}],"about":[{"href":"https:\/\/anwalt-offenbach.de\/wordpress\/wp-json\/wp\/v2\/types\/page"}],"author":[{"embeddable":true,"href":"https:\/\/anwalt-offenbach.de\/wordpress\/wp-json\/wp\/v2\/users\/1"}],"replies":[{"embeddable":true,"href":"https:\/\/anwalt-offenbach.de\/wordpress\/wp-json\/wp\/v2\/comments?post=259"}],"version-history":[{"count":9,"href":"https:\/\/anwalt-offenbach.de\/wordpress\/wp-json\/wp\/v2\/pages\/259\/revisions"}],"predecessor-version":[{"id":499,"href":"https:\/\/anwalt-offenbach.de\/wordpress\/wp-json\/wp\/v2\/pages\/259\/revisions\/499"}],"wp:attachment":[{"href":"https:\/\/anwalt-offenbach.de\/wordpress\/wp-json\/wp\/v2\/media?parent=259"}],"curies":[{"name":"wp","href":"https:\/\/api.w.org\/{rel}","templated":true}]}}