{"id":258,"date":"2020-05-30T09:08:01","date_gmt":"2020-05-30T07:08:01","guid":{"rendered":"https:\/\/anwalt-offenbach.de\/wordpress\/?page_id=258"},"modified":"2025-10-06T09:09:46","modified_gmt":"2025-10-06T07:09:46","slug":"unser-team","status":"publish","type":"page","link":"https:\/\/anwalt-offenbach.de\/wordpress\/unser-team\/","title":{"rendered":"Unser Team"},"content":{"rendered":"<p>Die Anwaltskanzlei Koch, Schatz &amp; Kollegen GbR besteht aus den Rechtsanw\u00e4lten Peter Koch und Andreas Schatz und wird verst\u00e4rkt durch die freie Mitarbeiterin Rechtsanw\u00e4ltin Monika Mieth sowie durch den freien Mitarbeiter Herrn Rechtsanwalt Dr. Alexander Herbert.<\/p>\n<p>Unterst\u00fctzung finden die Berufstr\u00e4ger durch die Mitarbeiterinnen im Vorzimmer, Frau Elsa Ihl, Frau Sophie Koch, Frau Tanja Brunner und Frau Dr. Susanne Neumann.<\/p>\n","protected":false},"excerpt":{"rendered":"<p>Die Anwaltskanzlei Koch, Schatz &amp; Kollegen GbR besteht aus den Rechtsanw\u00e4lten Peter Koch und Andreas Schatz und wird verst\u00e4rkt durch die freie Mitarbeiterin Rechtsanw\u00e4ltin Monika Mieth sowie durch den freien Mitarbeiter Herrn Rechtsanwalt Dr. Alexander Herbert. Unterst\u00fctzung finden die Berufstr\u00e4ger durch die Mitarbeiterinnen im Vorzimmer, Frau Elsa Ihl, Frau Sophie Koch, Frau Tanja Brunner und [&hellip;]<\/p>\n","protected":false},"author":1,"featured_media":0,"parent":0,"menu_order":0,"comment_status":"closed","ping_status":"closed","template":"","meta":{"footnotes":""},"class_list":["post-258","page","type-page","status-publish","hentry"],"_links":{"self":[{"href":"https:\/\/anwalt-offenbach.de\/wordpress\/wp-json\/wp\/v2\/pages\/258","targetHints":{"allow":["GET"]}}],"collection":[{"href":"https:\/\/anwalt-offenbach.de\/wordpress\/wp-json\/wp\/v2\/pages"}],"about":[{"href":"https:\/\/anwalt-offenbach.de\/wordpress\/wp-json\/wp\/v2\/types\/page"}],"author":[{"embeddable":true,"href":"https:\/\/anwalt-offenbach.de\/wordpress\/wp-json\/wp\/v2\/users\/1"}],"replies":[{"embeddable":true,"href":"https:\/\/anwalt-offenbach.de\/wordpress\/wp-json\/wp\/v2\/comments?post=258"}],"version-history":[{"count":6,"href":"https:\/\/anwalt-offenbach.de\/wordpress\/wp-json\/wp\/v2\/pages\/258\/revisions"}],"predecessor-version":[{"id":583,"href":"https:\/\/anwalt-offenbach.de\/wordpress\/wp-json\/wp\/v2\/pages\/258\/revisions\/583"}],"wp:attachment":[{"href":"https:\/\/anwalt-offenbach.de\/wordpress\/wp-json\/wp\/v2\/media?parent=258"}],"curies":[{"name":"wp","href":"https:\/\/api.w.org\/{rel}","templated":true}]}}