{"id":25,"date":"2019-08-31T12:16:36","date_gmt":"2019-08-31T10:16:36","guid":{"rendered":"https:\/\/anwalt-offenbach.de\/wordpress\/?page_id=25"},"modified":"2025-10-15T17:43:30","modified_gmt":"2025-10-15T15:43:30","slug":"anwaelte","status":"publish","type":"page","link":"https:\/\/anwalt-offenbach.de\/wordpress\/anwaelte\/","title":{"rendered":"Anw\u00e4lte"},"content":{"rendered":"<p>Wir beraten und vertreten Sie gerne:<\/p>\n<p><img loading=\"lazy\" decoding=\"async\" class=\"alignleft size-full wp-image-52\" src=\"https:\/\/anwalt-offenbach.de\/wordpress\/wp-content\/uploads\/2019\/08\/peter-koch.jpg\" alt=\"\" width=\"152\" height=\"152\" srcset=\"https:\/\/anwalt-offenbach.de\/wordpress\/wp-content\/uploads\/2019\/08\/peter-koch.jpg 152w, https:\/\/anwalt-offenbach.de\/wordpress\/wp-content\/uploads\/2019\/08\/peter-koch-150x150.jpg 150w, https:\/\/anwalt-offenbach.de\/wordpress\/wp-content\/uploads\/2019\/08\/peter-koch-50x50.jpg 50w, https:\/\/anwalt-offenbach.de\/wordpress\/wp-content\/uploads\/2019\/08\/peter-koch-80x80.jpg 80w\" sizes=\"auto, (max-width: 152px) 100vw, 152px\" \/><strong>Peter Koch<\/strong><br \/>\nVerkehrsrecht<br \/>\nRecht rund ums Auto<br \/>\nAbwicklung von Verkehrsunf\u00e4llen<br \/>\nOrdnungswidrigkeiten<br \/>\nVerkehrsstrafrecht<br \/>\nF\u00fchrerscheinentzug<\/p>\n<p><img loading=\"lazy\" decoding=\"async\" class=\"alignleft size-full wp-image-114\" src=\"https:\/\/anwalt-offenbach.de\/wordpress\/wp-content\/uploads\/2019\/09\/andreas.jpg\" alt=\"\" width=\"156\" height=\"164\" \/><strong>Andreas Schatz<\/strong><br \/>\nStrafverteidigung<br \/>\nOrdnungswidrigkeiten<br \/>\nEntziehung der Fahrerlaubnis und Fahrverbote<br \/>\nVerkehrsunfallregulierung<br \/>\nVertragsrecht<br \/>\nBeratung von Existenzgr\u00fcndungen<br \/>\nVerteidigung gegen Abmahnungen<\/p>\n<p><img loading=\"lazy\" decoding=\"async\" class=\"alignleft size-full wp-image-114\" src=\"https:\/\/anwalt-offenbach.de\/wordpress\/wp-content\/uploads\/2025\/01\/Ostarek-150x150.jpg\" alt=\"\" width=\"156\" height=\"164\" alt=\"\" width=\"156\" height=\"164\" \/><strong>Claudia Ostarek<\/strong><\/br><strong>Fachanw\u00e4ltin f\u00fcr Sozial- und Versicherungsrecht<\/strong><br \/>\nSozialrecht<br \/>\nMiet- und Wohnungseigentumsrecht<br \/>\nArbeitsrecht<br \/>\nVersicherungsrecht<br \/>\nAllgemeines Zivilrecht<br \/>\nElternunterhalt<\/p>\n<p><strong><img loading=\"lazy\" decoding=\"async\" class=\"alignleft size-full wp-image-51\" src=\"https:\/\/anwalt-offenbach.de\/wordpress\/wp-content\/uploads\/2019\/08\/alexander-herbert.jpg\" alt=\"\" width=\"151\" height=\"151\" srcset=\"https:\/\/anwalt-offenbach.de\/wordpress\/wp-content\/uploads\/2019\/08\/alexander-herbert.jpg 151w, https:\/\/anwalt-offenbach.de\/wordpress\/wp-content\/uploads\/2019\/08\/alexander-herbert-150x150.jpg 150w, https:\/\/anwalt-offenbach.de\/wordpress\/wp-content\/uploads\/2019\/08\/alexander-herbert-50x50.jpg 50w, https:\/\/anwalt-offenbach.de\/wordpress\/wp-content\/uploads\/2019\/08\/alexander-herbert-80x80.jpg 80w\" sizes=\"auto, (max-width: 151px) 100vw, 151px\" \/>Dr. Alexander Herbert<br \/>\nFachanwalt (in freier Mitarbeit)<br \/>\n<\/strong>f\u00fcr Miet- und Wohnungseigentumsrecht<strong><br \/>\n<\/strong>RA Dr. Herbert berechnet f\u00fcr seine T\u00e4tigkeit ein Stundenhonorar von \u20ac 250,&#8211; zzgl. MWSt.<\/p>\n<p>&nbsp;<\/p>\n","protected":false},"excerpt":{"rendered":"<p>Wir beraten und vertreten Sie gerne: Peter Koch Verkehrsrecht Recht rund ums Auto Abwicklung von Verkehrsunf\u00e4llen Ordnungswidrigkeiten Verkehrsstrafrecht F\u00fchrerscheinentzug Andreas Schatz Strafverteidigung Ordnungswidrigkeiten Entziehung der Fahrerlaubnis und Fahrverbote Verkehrsunfallregulierung Vertragsrecht Beratung von Existenzgr\u00fcndungen Verteidigung gegen Abmahnungen Claudia OstarekFachanw\u00e4ltin f\u00fcr Sozial- und Versicherungsrecht Sozialrecht Miet- und Wohnungseigentumsrecht Arbeitsrecht Versicherungsrecht Allgemeines Zivilrecht Elternunterhalt Dr. Alexander Herbert Fachanwalt [&hellip;]<\/p>\n","protected":false},"author":1,"featured_media":0,"parent":0,"menu_order":0,"comment_status":"closed","ping_status":"closed","template":"","meta":{"footnotes":""},"class_list":["post-25","page","type-page","status-publish","hentry"],"_links":{"self":[{"href":"https:\/\/anwalt-offenbach.de\/wordpress\/wp-json\/wp\/v2\/pages\/25","targetHints":{"allow":["GET"]}}],"collection":[{"href":"https:\/\/anwalt-offenbach.de\/wordpress\/wp-json\/wp\/v2\/pages"}],"about":[{"href":"https:\/\/anwalt-offenbach.de\/wordpress\/wp-json\/wp\/v2\/types\/page"}],"author":[{"embeddable":true,"href":"https:\/\/anwalt-offenbach.de\/wordpress\/wp-json\/wp\/v2\/users\/1"}],"replies":[{"embeddable":true,"href":"https:\/\/anwalt-offenbach.de\/wordpress\/wp-json\/wp\/v2\/comments?post=25"}],"version-history":[{"count":11,"href":"https:\/\/anwalt-offenbach.de\/wordpress\/wp-json\/wp\/v2\/pages\/25\/revisions"}],"predecessor-version":[{"id":587,"href":"https:\/\/anwalt-offenbach.de\/wordpress\/wp-json\/wp\/v2\/pages\/25\/revisions\/587"}],"wp:attachment":[{"href":"https:\/\/anwalt-offenbach.de\/wordpress\/wp-json\/wp\/v2\/media?parent=25"}],"curies":[{"name":"wp","href":"https:\/\/api.w.org\/{rel}","templated":true}]}}