{"id":23,"date":"2019-08-31T12:16:27","date_gmt":"2019-08-31T10:16:27","guid":{"rendered":"https:\/\/anwalt-offenbach.de\/wordpress\/?page_id=23"},"modified":"2025-10-06T09:01:44","modified_gmt":"2025-10-06T07:01:44","slug":"dr-alexander-herbert","status":"publish","type":"page","link":"https:\/\/anwalt-offenbach.de\/wordpress\/dr-alexander-herbert\/","title":{"rendered":"Dr. Alexander Herbert"},"content":{"rendered":"<p><img loading=\"lazy\" decoding=\"async\" class=\"alignleft size-full wp-image-51\" src=\"https:\/\/anwalt-offenbach.de\/wordpress\/wp-content\/uploads\/2019\/08\/alexander-herbert.jpg\" alt=\"\" width=\"151\" height=\"151\" srcset=\"https:\/\/anwalt-offenbach.de\/wordpress\/wp-content\/uploads\/2019\/08\/alexander-herbert.jpg 151w, https:\/\/anwalt-offenbach.de\/wordpress\/wp-content\/uploads\/2019\/08\/alexander-herbert-150x150.jpg 150w, https:\/\/anwalt-offenbach.de\/wordpress\/wp-content\/uploads\/2019\/08\/alexander-herbert-50x50.jpg 50w, https:\/\/anwalt-offenbach.de\/wordpress\/wp-content\/uploads\/2019\/08\/alexander-herbert-80x80.jpg 80w\" sizes=\"auto, (max-width: 151px) 100vw, 151px\" \/><a href=\"mailto:alexander.herbert@anwalt-offenbach.de\">alexander.herbert@anwalt-offenbach.de<\/a><br \/>\n<strong>Fachanwalt (in freier Mitarbeit)<\/strong><br \/>\nf\u00fcr Miet- und Wohnungseigentumsrecht; bis Ende 2024 auch Fachanwalt f\u00fcr Verwaltungsrecht<\/p>\n<p>Alexander Herbert, Mitgr\u00fcnder der Kanzlei, stammt aus Frankfurt\/Main-Kalbach, einer damals noch selbst\u00e4ndigen Gemeinde.<\/p>\n<p>1978 begann er das Studium der Rechtswissenschaften, zun\u00e4chst in Marburg, dann in Frankfurt. Dem ersten Staatsexamen 1983 schloss sich der Zivildienst am Stadtkrankenhaus Offenbach an. Zwischen 1986 und 1992 war er als wissenschaftlicher Mitarbeiter von Prof. Klaus-Friedrich Arndt an der Goethe-Universit\u00e4t Frankfurt t\u00e4tig. 1993 folgten das zweite Staatsexamen und die Promotion.<\/p>\n<p>Schon im Studium, aber auch im Referendariat und als wissenschaftlicher Mitarbeiter an der Universit\u00e4t Frankfurt hat er einen Schwerpunkt in Verwaltungsrecht ausgebildet. Auf diesem Gebiet folgten Dissertation und Fachaufs\u00e4tze.<\/p>\n<p>In der anwaltlichen Praxis bildeten sich dann nicht zuletzt aus eigener Betroffenheit die weiteren Schwerpunkte Mietrecht und Wohnungseigentumsrecht heraus.<br \/>\nDanach begann die berufliche Laufbahn als freier Mitarbeiter der Frankfurter Anwaltskanzlei P\u00fcnder, Volhard, Weber und Axster (heute: Clifford Chance) im Bereich des \u00f6ffentlichen Rechts.<\/p>\n<p>1994 erfolgte die Gr\u00fcndung der eigenen Kanzlei in Offenbach.<\/p>\n<p>2006 &#8211; 2020 engagierte er sich als Dozent in der Referendarausbildung.<\/p>\n<p>Im Jahr 2008 stellvertretender Landesanwalt beim Hessischen Staatsgerichtshof; Seit November 2014 stellvertretender Richter am Hessischen Staatsgerichtshof.<br \/>\nIn den Jahren 2010 und 2013 hat er als Experte an Anh\u00f6rungen im Innenausschuss des Hessischen Landtages teilgenommen und Stellungnahmen zu Gesetzentw\u00fcrfen, welche die Einf\u00fchrung eines Landespolizeibeauftragten zum Gegenstand hatten, abgegeben. Deren Texte k\u00f6nnen unter den nachfolgenden links nachgelesen werden:<\/p>\n<p><a href=\"http:\/\/www.hessischer-landtag.de\/icc\/med\/b70\/b705b31e-4c3e-b210-1a31-8c22184e3734,11111111-1111-1111-1111-111111111111.pdf\">Anh\u00f6rung am 04.11.2010<\/a><br \/>\n<a href=\"http:\/\/www.hessischer-landtag.de\/icc\/med\/d73\/d7343bb0-bfae-e313-821f-12702184e373,11111111-1111-1111-1111-111111111111.pdf\">Anh\u00f6rung am 06.06.2013<\/a><br \/>\n<a href=\"http:\/\/www.youtube.com\/watch?v=T1WvKqPYnNg&amp;feature=share\">Hessenschau Interview mit Dr. Alexander Herbert<\/a><\/p>\n<p>Zum Jahresbeginn 2025 schiedt er aus Altersgr\u00fcnden aus der Soziet\u00e4t aus und ist nun als freier Mitarbeiter der Soziet\u00e4t t\u00e4tig. Er betreut nur noch Mandate auf den u.a. Gebieten gegen ein Stundenhonorar von \u20ac 240,&#8211; zzgl. MWSt.<\/p>\n<ul>\n<li>Mitglied im Anwaltsverein<\/li>\n<li>Mitglied der Arbeitsgemeinschaft Mietrecht im Deutschen Anwaltsverein<\/li>\n<\/ul>\n<p><strong>T\u00e4tigkeitsgebiete:<\/strong><\/p>\n<ul>\n<li style=\"list-style-type: none;\">\n<ul>\n<li>Wohnungseigentumsrecht<\/li>\n<li>Mietrecht<\/li>\n<li>\u00f6ffentliches Baurecht<\/li>\n<li>Beamtenrecht<\/li>\n<\/ul>\n<\/li>\n<\/ul>\n","protected":false},"excerpt":{"rendered":"<p>alexander.herbert@anwalt-offenbach.de Fachanwalt (in freier Mitarbeit) f\u00fcr Miet- und Wohnungseigentumsrecht; bis Ende 2024 auch Fachanwalt f\u00fcr Verwaltungsrecht Alexander Herbert, Mitgr\u00fcnder der Kanzlei, stammt aus Frankfurt\/Main-Kalbach, einer damals noch selbst\u00e4ndigen Gemeinde. 1978 begann er das Studium der Rechtswissenschaften, zun\u00e4chst in Marburg, dann in Frankfurt. Dem ersten Staatsexamen 1983 schloss sich der Zivildienst am Stadtkrankenhaus Offenbach an. Zwischen [&hellip;]<\/p>\n","protected":false},"author":1,"featured_media":0,"parent":0,"menu_order":0,"comment_status":"closed","ping_status":"closed","template":"","meta":{"footnotes":""},"class_list":["post-23","page","type-page","status-publish","hentry"],"_links":{"self":[{"href":"https:\/\/anwalt-offenbach.de\/wordpress\/wp-json\/wp\/v2\/pages\/23","targetHints":{"allow":["GET"]}}],"collection":[{"href":"https:\/\/anwalt-offenbach.de\/wordpress\/wp-json\/wp\/v2\/pages"}],"about":[{"href":"https:\/\/anwalt-offenbach.de\/wordpress\/wp-json\/wp\/v2\/types\/page"}],"author":[{"embeddable":true,"href":"https:\/\/anwalt-offenbach.de\/wordpress\/wp-json\/wp\/v2\/users\/1"}],"replies":[{"embeddable":true,"href":"https:\/\/anwalt-offenbach.de\/wordpress\/wp-json\/wp\/v2\/comments?post=23"}],"version-history":[{"count":33,"href":"https:\/\/anwalt-offenbach.de\/wordpress\/wp-json\/wp\/v2\/pages\/23\/revisions"}],"predecessor-version":[{"id":582,"href":"https:\/\/anwalt-offenbach.de\/wordpress\/wp-json\/wp\/v2\/pages\/23\/revisions\/582"}],"wp:attachment":[{"href":"https:\/\/anwalt-offenbach.de\/wordpress\/wp-json\/wp\/v2\/media?parent=23"}],"curies":[{"name":"wp","href":"https:\/\/api.w.org\/{rel}","templated":true}]}}