{"id":21,"date":"2019-08-31T12:14:48","date_gmt":"2019-08-31T10:14:48","guid":{"rendered":"https:\/\/anwalt-offenbach.de\/wordpress\/?page_id=21"},"modified":"2021-11-24T11:34:09","modified_gmt":"2021-11-24T10:34:09","slug":"peter-koch","status":"publish","type":"page","link":"https:\/\/anwalt-offenbach.de\/wordpress\/peter-koch\/","title":{"rendered":"Peter Koch"},"content":{"rendered":"<p><img loading=\"lazy\" decoding=\"async\" class=\"alignleft size-full wp-image-52\" src=\"https:\/\/anwalt-offenbach.de\/wordpress\/wp-content\/uploads\/2019\/08\/peter-koch.jpg\" alt=\"\" width=\"152\" height=\"152\" srcset=\"https:\/\/anwalt-offenbach.de\/wordpress\/wp-content\/uploads\/2019\/08\/peter-koch.jpg 152w, https:\/\/anwalt-offenbach.de\/wordpress\/wp-content\/uploads\/2019\/08\/peter-koch-150x150.jpg 150w, https:\/\/anwalt-offenbach.de\/wordpress\/wp-content\/uploads\/2019\/08\/peter-koch-50x50.jpg 50w, https:\/\/anwalt-offenbach.de\/wordpress\/wp-content\/uploads\/2019\/08\/peter-koch-80x80.jpg 80w\" sizes=\"auto, (max-width: 152px) 100vw, 152px\" \/><strong>Rechtsanwalt<\/strong><br \/>\n<a href=\"mailto:peter.koch@anwalt-offenbach.de\">peter.koch@anwalt-offenbach.de<\/a><\/p>\n<p>Peter Koch, einer der beiden Gr\u00fcnder der Kanzlei, wurde am 20.6.1959 hier in Offenbach geboren. Als echtes Kind dieser Stadt, in der er aufwuchs, zur Schule ging und heute noch mit seiner Familie wohnt, war es f\u00fcr ihn nur logische Konsequenz Offenbach auch zum Mittelpunkt seines beruflichen Lebens zu machen.<\/p>\n<p>Kontaktfreude, Einsatzwille und das Bestreben f\u00fcr den Mandanten ein besonders g\u00fcnstiges Ergebnis zu erzielen sind f\u00fcr ihn der Schl\u00fcssel zu einem erfolgreichen Anwaltsdasein.<\/p>\n<p>Hauptschwerpunkt seiner anwaltlichen T\u00e4tigkeit ist die Hilfestellung bei der Abwicklung von Verkehrsunf\u00e4llen und die Verteidigung von Klienten im Bereich des Strafrechtes bzw. Ordnungswidrigkeitenrechtes. Seit 2019 ist Herr Koch auch Vertrauensanwalt der GT\u00dc (Gesellschaft f\u00fcr technische \u00dcberwachung).<\/p>\n<ul>\n<li>Mitglied im Anwaltsverein<\/li>\n<li>Mitglied der Arbeitsgemeinschaft Verkehrsrecht im DAV<\/li>\n<li>Vertrauensanwalt der GT\u00dc<\/li>\n<\/ul>\n<p><strong>T\u00e4tigkeitsschwerpunkte:<\/strong><\/p>\n<ul>\n<li>Recht rund ums Auto<\/li>\n<li>Unfallschadenregulierung f\u00fcr Verkehrsunf\u00e4lle<\/li>\n<li>Ordnungswidrigkeiten<\/li>\n<li>Verkehrsstrafrecht<\/li>\n<li>F\u00fchrerscheinentzug<\/li>\n<\/ul>\n<p>F\u00fcr mehrere Jahre war Herr Koch zudem Vertrauensanwalt des AvD.<\/p>\n","protected":false},"excerpt":{"rendered":"<p>Rechtsanwalt peter.koch@anwalt-offenbach.de Peter Koch, einer der beiden Gr\u00fcnder der Kanzlei, wurde am 20.6.1959 hier in Offenbach geboren. Als echtes Kind dieser Stadt, in der er aufwuchs, zur Schule ging und heute noch mit seiner Familie wohnt, war es f\u00fcr ihn nur logische Konsequenz Offenbach auch zum Mittelpunkt seines beruflichen Lebens zu machen. Kontaktfreude, Einsatzwille und [&hellip;]<\/p>\n","protected":false},"author":1,"featured_media":0,"parent":0,"menu_order":0,"comment_status":"closed","ping_status":"closed","template":"","meta":{"footnotes":""},"class_list":["post-21","page","type-page","status-publish","hentry"],"_links":{"self":[{"href":"https:\/\/anwalt-offenbach.de\/wordpress\/wp-json\/wp\/v2\/pages\/21","targetHints":{"allow":["GET"]}}],"collection":[{"href":"https:\/\/anwalt-offenbach.de\/wordpress\/wp-json\/wp\/v2\/pages"}],"about":[{"href":"https:\/\/anwalt-offenbach.de\/wordpress\/wp-json\/wp\/v2\/types\/page"}],"author":[{"embeddable":true,"href":"https:\/\/anwalt-offenbach.de\/wordpress\/wp-json\/wp\/v2\/users\/1"}],"replies":[{"embeddable":true,"href":"https:\/\/anwalt-offenbach.de\/wordpress\/wp-json\/wp\/v2\/comments?post=21"}],"version-history":[{"count":11,"href":"https:\/\/anwalt-offenbach.de\/wordpress\/wp-json\/wp\/v2\/pages\/21\/revisions"}],"predecessor-version":[{"id":459,"href":"https:\/\/anwalt-offenbach.de\/wordpress\/wp-json\/wp\/v2\/pages\/21\/revisions\/459"}],"wp:attachment":[{"href":"https:\/\/anwalt-offenbach.de\/wordpress\/wp-json\/wp\/v2\/media?parent=21"}],"curies":[{"name":"wp","href":"https:\/\/api.w.org\/{rel}","templated":true}]}}