{"id":2,"date":"2019-08-30T13:35:34","date_gmt":"2019-08-30T11:35:34","guid":{"rendered":"https:\/\/anwalt-offenbach.de\/wordpress\/?page_id=2"},"modified":"2025-09-01T12:09:07","modified_gmt":"2025-09-01T10:09:07","slug":"andreas-schatz","status":"publish","type":"page","link":"https:\/\/anwalt-offenbach.de\/wordpress\/andreas-schatz\/","title":{"rendered":"Andreas Schatz"},"content":{"rendered":"<p><strong><img loading=\"lazy\" decoding=\"async\" class=\"alignleft size-full wp-image-114\" src=\"https:\/\/anwalt-offenbach.de\/wordpress\/wp-content\/uploads\/2019\/09\/andreas.jpg\" alt=\"\" width=\"156\" height=\"164\" \/>Rechtsanwalt<br \/>\n<\/strong><a href=\"mailto:andreas.schatz@anwalt-offenbach.de\">andreas.schatz@anwalt-offenbach.de<\/a><\/p>\n<p>Andreas Schatz wurde in Frankfurt am Main geboren, gelangte jedoch bereits im Alter von 2 Jahren auf die &#8222;richtige&#8220; Seite des Mains.<\/p>\n<p>Nach dem Abitur am Leibnizgymnasium in Offenbach folgte der Zivildienst beim Deutschen Roten Kreuz in der Hausnotrufzentrale. Sein Studium der Rechtswissenschaften schloss er an der Johannes Gutenberg Universit\u00e4t Mainz mit dem ersten juristischen Staatsexamen ab. Die Studienschwerpunkte waren dabei das Kapitalmarkt- und Gesellschaftsrecht, sowie europ\u00e4isches und deutsches Arbeitsrecht.<\/p>\n<p>W\u00e4hrend seiner Studienzeit arbeitete Andreas Schatz bereits als Projektleiter und betreute Projekte im Bereich der Digitalisierung und digitalen Archivierung in freier Mitarbeit f\u00fcr ein Unternehmen in Offenbach. Drei Monate verbrachte er zudem in Mailand, Italien. Dabei erlernte er die Grundz\u00fcge der italienischen Sprache.<\/p>\n<p>Andreas Schatz war w\u00e4hrend seines Studiums bereits als wissenschaftlicher Mitarbeiter f\u00fcr die Kanzlei Dr. Herbert &amp; Koch t\u00e4tig. So war es dann auch naheliegend, die Anwaltsstation des Referendariats ebenfalls in dieser Kanzlei zu absolvieren.<\/p>\n<p>Den juristischen Vorbereitungsdienst absolvierte Herr Schatz am Landgericht Darmstadt in der Zeit vom Mai 2014 bis Mai 2016. Der Vorbereitungsdienst endete mit dem erfolgreichen Abschluss des zweiten juristischen Staatsexamens. Unmittelbar im Anschluss daran trat Herr Schatz als Rechtsanwalt in Anstellung im Juli 2016 der Kanzlei bei. Seit dem Jahr 2018 ist Herr Schatz Sozius der Kanzlei.<\/p>\n<p>Herr Schatz interessiert sich seit seiner Jugend f\u00fcr alle Themen rund um die IT. Er erlernte fr\u00fch das Programmieren und administriert das Kanzleinetzwerk. Sein Interesse gilt daher auch dem IT-Recht.<\/p>\n<p>Schwerpunkt seiner anwaltlichen T\u00e4tigkeit ist die Unfallschadenregulierung, die Verteidigung von Mandanten in Straf- und Bu\u00dfgeldsachen sowie die Beratung bei Existenzgr\u00fcndungen und im Vertragsrecht. Engagement f\u00fcr den Mandanten, Hartn\u00e4ckigkeit, sowie das Streben, stets die optimale L\u00f6sung in rechtlicher wie auch in wirtschaftlicher Hinsicht zu finden, zeichnen Herrn Schatz als Rechtsanwalt aus.<\/p>\n<p><strong>T\u00e4tigkeitsschwerpunkte<\/strong><\/p>\n<ul>\n<li>Unfallschadenregulierung<\/li>\n<li>Strafverteidigung<\/li>\n<li>Ordnungswidrigkeiten<\/li>\n<li>Entziehung der Fahrerlaubnis und Fahrverbote<\/li>\n<li>Vertragsrecht<\/li>\n<li>Beratung bei Existenzgr\u00fcndungen<\/li>\n<li>Verteidigung gegen Abmahnungen<\/li>\n<\/ul>\n<p>Bundesweite Vertretung<br \/>\nKontaktaufnahme und Besprechungen auf Wunsch auch \u00fcber Zoom, Skype, etc.<br \/>\nMandantengespr\u00e4che auch in Italienisch oder Englisch m\u00f6glich<\/p>\n","protected":false},"excerpt":{"rendered":"<p>Rechtsanwalt andreas.schatz@anwalt-offenbach.de Andreas Schatz wurde in Frankfurt am Main geboren, gelangte jedoch bereits im Alter von 2 Jahren auf die &#8222;richtige&#8220; Seite des Mains. Nach dem Abitur am Leibnizgymnasium in Offenbach folgte der Zivildienst beim Deutschen Roten Kreuz in der Hausnotrufzentrale. Sein Studium der Rechtswissenschaften schloss er an der Johannes Gutenberg Universit\u00e4t Mainz mit dem [&hellip;]<\/p>\n","protected":false},"author":1,"featured_media":0,"parent":0,"menu_order":0,"comment_status":"closed","ping_status":"open","template":"","meta":{"footnotes":""},"class_list":["post-2","page","type-page","status-publish","hentry"],"_links":{"self":[{"href":"https:\/\/anwalt-offenbach.de\/wordpress\/wp-json\/wp\/v2\/pages\/2","targetHints":{"allow":["GET"]}}],"collection":[{"href":"https:\/\/anwalt-offenbach.de\/wordpress\/wp-json\/wp\/v2\/pages"}],"about":[{"href":"https:\/\/anwalt-offenbach.de\/wordpress\/wp-json\/wp\/v2\/types\/page"}],"author":[{"embeddable":true,"href":"https:\/\/anwalt-offenbach.de\/wordpress\/wp-json\/wp\/v2\/users\/1"}],"replies":[{"embeddable":true,"href":"https:\/\/anwalt-offenbach.de\/wordpress\/wp-json\/wp\/v2\/comments?post=2"}],"version-history":[{"count":13,"href":"https:\/\/anwalt-offenbach.de\/wordpress\/wp-json\/wp\/v2\/pages\/2\/revisions"}],"predecessor-version":[{"id":577,"href":"https:\/\/anwalt-offenbach.de\/wordpress\/wp-json\/wp\/v2\/pages\/2\/revisions\/577"}],"wp:attachment":[{"href":"https:\/\/anwalt-offenbach.de\/wordpress\/wp-json\/wp\/v2\/media?parent=2"}],"curies":[{"name":"wp","href":"https:\/\/api.w.org\/{rel}","templated":true}]}}