{"id":164,"date":"2019-09-09T08:49:46","date_gmt":"2019-09-09T06:49:46","guid":{"rendered":"https:\/\/anwalt-offenbach.de\/wordpress\/?page_id=164"},"modified":"2025-10-15T17:44:02","modified_gmt":"2025-10-15T15:44:02","slug":"impressum","status":"publish","type":"page","link":"https:\/\/anwalt-offenbach.de\/wordpress\/impressum\/","title":{"rendered":"Impressum"},"content":{"rendered":"<div id=\"oben\">\n<p style=\"text-align: left;\"><strong>Unsere Anbieterkennzeichnung:<\/strong><\/p>\n<p style=\"text-align: left;\">Rechtsanwaltskanzlei Koch, Schatz &amp; Kollegen GbR<br \/>\nTulpenhofstr. 1<br \/>\nD-63067 Offenbach am Main<\/p>\n<p>Umsatzsteuer-ID: DE 165 971 893<br \/>\nWirtschafts-Identifikationsnummer: DE429881072<\/p>\n<p>Tel.: 069\/99999-3310<br \/>\nFax: 069\/999 99-3317<\/p>\n<p>eMail-Adresse: <strong><a href=\"mailto:info@anwalt-offenbach.de\">info@anwalt-offenbach.de<\/a><\/strong><br \/>\nURL: <strong><a href=\"http:\/\/www.anwalt-offenbach.de\/index.html\">http:\/\/www.anwalt-offenbach.de<\/a><\/strong><\/p>\n<p style=\"text-align: left;\">Verantwortlicher Redakteur f\u00fcr anwalt-offenbach.de:<br \/>\nRechtsanwalt Andreas Schatz, Tulpenhofstr. 1, 63067 Offenbach<br \/>\nSoweit die Rechtsanw\u00e4lte der Kanzlei Koch, Schatz &amp; Kollegen in sozialen Netzwerken (etwa Facebook, Google+ u.\u00e4.) unterhalten, ist der jeweilige Accountinhaber verantwortlicher Redakteur f\u00fcr die dortigen Inhalte.<\/p>\n<p><strong>Informationspflichten nach dem Verbraucherstreitbeilegungsgesetz (VBSG)<\/strong><\/p>\n<p>Die Kanzlei Koch, Schatz &amp; Kollegen GbR beteiligt sich nicht an Verbraucherschlichtungsverfahren nach dem Verbraucherstreitbeteiligungsgesetz.<\/p>\n<p style=\"text-align: left;\"><strong>Au\u00dfergerichtliche Streitschlichtung<\/strong><\/p>\n<p style=\"text-align: left;\">Bei Streitigkeiten zwischen Rechtsanw\u00e4lten und ihren Auftraggebern besteht auf Antrag die M\u00f6glichkeit der au\u00dfergerichtlichen Streitschlichtung bei der regionalen Rechtsanwaltskammer Frankfurt am Main (gem\u00e4\u00df \u00a7 73 Abs. 2 Nr. 3 i.V.m. \u00a7 73 Abs. 5 BRAO) oder bei der Schlichtungsstelle der Rechtsanwaltschaft (\u00a7 191f BRAO) bei der Bundesrechtsanwaltskammer, im Internet zu finden \u00fcber die Homepage der Bundesrechtsanwaltskammer (<a href=\"http:\/\/www.brak.de\/\">http:\/\/www.brak.de\/<\/a><a>), E-Mail: <\/a><a href=\"mailto:schlichtungsstelle@brak.de\">schlichtungsstelle@brak.de<\/a>.<\/p>\n<p style=\"text-align: left;\">Die in der Rechtsanwaltskanzlei Kanzlei Koch, Schatz &amp; Kollegen GbR t\u00e4tigen Rechtsanw\u00e4lte in Deutschland tragen die Berufsbezeichnung Rechtsanwalt bzw. Rechtsanw\u00e4ltin in der Bundesrepublik Deutschland und geh\u00f6ren der Rechtsanwaltskammer Frankfurt am Main, Bockenheimer Anlage 36, 60322 Frankfurt am Main an. Die Umsatzsteuer ID der Rechtsanwaltskanzlei Dr. Kanzlei Koch, Schatz &amp; Kollegen GbR lautet DE 165971893. Die Rechtsanwaltskanzlei Kanzlei Koch, Schatz &amp; Kollegen wird vertreten durch die Gesellschafter, die Rechtsanw\u00e4lte Peter Koch und Andreas Schatz.<\/p>\n<p>Es gelten folgende Geb\u00fchren- und Berufsordnungen<\/p>\n<p>&nbsp;<\/p>\n<div style=\"text-align: left;\" align=\"left\">\n<table border=\"0\" width=\"98%\" cellspacing=\"2\" cellpadding=\"0\">\n<tbody>\n<tr>\n<td valign=\"top\" width=\"3%\">\u2022<\/td>\n<td><a id=\"aa\" href=\"http:\/\/www.gesetze-im-internet.de\/brao\/index.html\" target=\"_blank\" rel=\"noopener noreferrer\">BRAO &#8211; Bundesrechtsanwaltsordnung<\/a><\/td>\n<\/tr>\n<\/tbody>\n<\/table>\n<table border=\"0\" width=\"98%\" cellspacing=\"2\" cellpadding=\"0\">\n<tbody>\n<tr>\n<td valign=\"top\" width=\"3%\">\u2022<\/td>\n<td><a id=\"aa\" href=\"https:\/\/www.brak.de\/w\/files\/02_fuer_anwaelte\/berufsrecht\/bora_stand_01.01.2020.pdf\" target=\"_blank\" rel=\"noopener noreferrer\">BORA &#8211; Berufsordnung f\u00fcr Rechtsanw\u00e4lte<\/a><\/td>\n<\/tr>\n<\/tbody>\n<\/table>\n<table border=\"0\" width=\"98%\" cellspacing=\"2\" cellpadding=\"0\">\n<tbody>\n<tr>\n<td valign=\"top\" width=\"3%\">\u2022<\/td>\n<td><a id=\"aa\" href=\"https:\/\/www.gesetze-im-internet.de\/\" target=\"_blank\" rel=\"noopener noreferrer\">RVG \u2013 Rechtsanwaltsverg\u00fctungsgesetz<\/a><\/td>\n<\/tr>\n<\/tbody>\n<\/table>\n<table border=\"0\" width=\"98%\" cellspacing=\"2\" cellpadding=\"0\">\n<tbody>\n<tr>\n<td valign=\"top\" width=\"3%\">\u2022<\/td>\n<td><a id=\"aa\" href=\"https:\/\/www.brak.de\/w\/files\/02_fuer_anwaelte\/Berufsregeln_Mai%202006_090615.pdf\" target=\"_blank\" rel=\"noopener noreferrer\">Berufsregeln der Rechtsanw\u00e4lte der Europ\u00e4ischen Gemeinschaft (CCBE)<\/a><\/td>\n<\/tr>\n<\/tbody>\n<\/table>\n<table border=\"0\" width=\"98%\" cellspacing=\"2\" cellpadding=\"0\">\n<tbody>\n<tr>\n<td valign=\"top\" width=\"3%\">\u2022<\/td>\n<td><a id=\"aa\" href=\"https:\/\/www.brak.de\/w\/files\/02_fuer_anwaelte\/berufsrecht\/fao_stand_01.01.2020.pdf\" target=\"_blank\" rel=\"noopener noreferrer\">Fachanwaltsordnung (FAO)<\/a><\/td>\n<\/tr>\n<\/tbody>\n<\/table>\n<table border=\"0\" width=\"98%\" cellspacing=\"2\" cellpadding=\"0\">\n<tbody>\n<tr>\n<td valign=\"top\" width=\"3%\">\u2022<\/td>\n<td><a id=\"aa\" href=\"https:\/\/www.gesetze-im-internet.de\/eurag\/index.html\" target=\"_blank\" rel=\"noopener noreferrer\">Gesetz \u00fcber die T\u00e4tigkeit europ\u00e4ischer Rechtsanw\u00e4lte in Deutschland (EuRAG)<\/a><\/td>\n<\/tr>\n<\/tbody>\n<\/table>\n<table border=\"0\" width=\"98%\" cellspacing=\"2\" cellpadding=\"0\">\n<tbody>\n<tr>\n<td valign=\"top\" width=\"3%\">\u2022<\/td>\n<td><a id=\"aa\" href=\"https:\/\/www.gesetze-im-internet.de\/dlinfov\/\" target=\"_blank\" rel=\"noopener noreferrer\">Dienstleistungs-Informationspflichten-Verordnung (DL-InfoV)<\/a><\/td>\n<\/tr>\n<\/tbody>\n<\/table>\n<table border=\"0\" width=\"98%\" cellspacing=\"2\" cellpadding=\"0\">\n<tbody>\n<tr>\n<td valign=\"top\" width=\"3%\">\u2022<\/td>\n<td><a id=\"aa\" href=\"https:\/\/www.brak.de\/w\/files\/newsletter_archiv\/berlin\/2020\/2020_319anlage1.pdf\" target=\"_blank\" rel=\"noopener noreferrer\">Berufsrechtliche Erg\u00e4nzungen zum Geldw\u00e4schebek\u00e4mpfungsgesetz (GwG)<\/a><\/td>\n<\/tr>\n<\/tbody>\n<\/table>\n<h3>Versicherung<\/h3>\n<p>Rechtsanw\u00e4ltinnen und Rechtsanw\u00e4lte sind in Deutschland aufgrund der Bundesrechtsanwaltsordnung (BRAO) verpflichtet, eine Berufshaftpflichtversicherung mit einer Mindestversicherungssumme von 250.000,00 Euro zu unterhalten. Einzelheiten hierzu ergeben sich aus \u00a7 51 <a href=\"http:\/\/bundesrecht.juris.de\/brao\/__51.html\">BRAO<\/a>. Die in der Rechtsanwaltskanzlei Kanzlei Koch, Schatz &amp; Kollegen t\u00e4tigen Rechtsanw\u00e4lte sind allesamt bei der Gothaer, Gothaer Allee 1, 50969 K\u00f6ln versichert.<\/p>\n<p>Die Vertragsnummer lautet: 95.000.336536. Die Versicherungssumme betr\u00e4gt 500.000,00 Euro.<\/p>\n<p>Versicherungsschutz besteht hierbei f\u00fcr die T\u00e4tigkeit innerhalb der Bundesrepublik Deutschland im Zusammenhang mit der Beratung und Besch\u00e4ftigung mit deutschem und europ\u00e4ischem Recht, der T\u00e4tigkeit vor deutschen Gerichten sowie der Inanspruchnahme der Versicherungsnehmer f\u00fcr Haftpflichtanspr\u00fcche aus der Beratung und Besch\u00e4ftigung mit deutschem Recht.<\/p>\n<p>Die Wahrnehmung widerstreitender Interessen ist Rechtsanw\u00e4lten aufgrund berufsrechtlicher Regelungen untersagt (vgl. \u00a7 43a Abs. 4 BRAO). Vor Annahme eines Mandates wird daher sorgf\u00e4ltig gepr\u00fcft, ob ein Interessenkonflikt vorliegt.<\/p>\n<\/div>\n<\/div>\n<div id=\"unten\">\n<p>Die Internetseiten der Rechtsanwaltskanzlei Kanzlei Koch, Schatz &amp; Kollegen bietet Ihnen eine Vielzahl von Informationen, die regelm\u00e4\u00dfig aktualisiert werden. Sie k\u00f6nnen unsere Informationen speichern und Verkn\u00fcpfungen zu unseren Seiten einrichten. Hierbei ist jedoch die Rechtsanwaltskanzlei Kanzlei Koch, Schatz &amp; Kollegen als Urheber kenntlich zu machen. Die Informationen d\u00fcrfen nicht ver\u00e4ndert oder verf\u00e4lscht werden.<\/p>\n<h3>Inhalt der eigenen Seiten<\/h3>\n<p>Die Haftung f\u00fcr die Aktualit\u00e4t, Vollst\u00e4ndigkeit oder Qualit\u00e4t der Seiten ist ausgeschlossen. Alle kostenfreien Angebote sind unverbindlich.<\/p>\n<h3>Links auf Web-Sites Dritter<\/h3>\n<p>Die ver\u00f6ffentlichten Links werden mit gr\u00f6\u00dftm\u00f6glicher Sorgfalt recherchiert und zusammengestellt. Die Kanzlei Kanzlei Koch, Schatz &amp; Kollegen hat keinen Einfluss auf die aktuelle und zuk\u00fcnftige Gestaltung und Inhalte der verlinkten Seiten. Die Kanzlei ist nicht f\u00fcr den Inhalt der verkn\u00fcpften Seiten verantwortlich und macht sich den Inhalt nicht zu eigen. F\u00fcr illegale, fehlerhafte oder unvollst\u00e4ndige Inhalte sowie f\u00fcr Sch\u00e4den, die durch die Nutzung oder Nichtnutzung der Informationen entstehen, haftet allein der Anbieter der Web-Site, auf die verwiesen wurde. Die Haftung desjenigen, der lediglich auf die Ver\u00f6ffentlichung durch einen Link hinweist, ist ausgeschlossen. F\u00fcr fremde Hinweise ist die KanzleiKoch, Schatz &amp; Kollegen nur dann verantwortlich, wenn sie von ihnen, d.h. auch von einem eventuellen rechtswidrigen bzw. strafbaren Inhalt, positive Kenntnis hat, und es technisch m\u00f6glich und zumutbar ist, die Nutzung zu verhindern.<\/p>\n<p>Bitte beachten Sie auch unsere <a href=\"https:\/\/anwalt-offenbach.de\/wordpress\/datenschutz\/\">Datenschutzerkl\u00e4rung<\/a><\/p>\n<\/div>\n","protected":false},"excerpt":{"rendered":"<p>Unsere Anbieterkennzeichnung: Rechtsanwaltskanzlei Koch, Schatz &amp; Kollegen GbR Tulpenhofstr. 1 D-63067 Offenbach am Main Umsatzsteuer-ID: DE 165 971 893 Wirtschafts-Identifikationsnummer: DE429881072 Tel.: 069\/99999-3310 Fax: 069\/999 99-3317 eMail-Adresse: info@anwalt-offenbach.de URL: http:\/\/www.anwalt-offenbach.de Verantwortlicher Redakteur f\u00fcr anwalt-offenbach.de: Rechtsanwalt Andreas Schatz, Tulpenhofstr. 1, 63067 Offenbach Soweit die Rechtsanw\u00e4lte der Kanzlei Koch, Schatz &amp; Kollegen in sozialen Netzwerken (etwa Facebook, [&hellip;]<\/p>\n","protected":false},"author":1,"featured_media":0,"parent":0,"menu_order":0,"comment_status":"closed","ping_status":"closed","template":"","meta":{"footnotes":""},"class_list":["post-164","page","type-page","status-publish","hentry"],"_links":{"self":[{"href":"https:\/\/anwalt-offenbach.de\/wordpress\/wp-json\/wp\/v2\/pages\/164","targetHints":{"allow":["GET"]}}],"collection":[{"href":"https:\/\/anwalt-offenbach.de\/wordpress\/wp-json\/wp\/v2\/pages"}],"about":[{"href":"https:\/\/anwalt-offenbach.de\/wordpress\/wp-json\/wp\/v2\/types\/page"}],"author":[{"embeddable":true,"href":"https:\/\/anwalt-offenbach.de\/wordpress\/wp-json\/wp\/v2\/users\/1"}],"replies":[{"embeddable":true,"href":"https:\/\/anwalt-offenbach.de\/wordpress\/wp-json\/wp\/v2\/comments?post=164"}],"version-history":[{"count":13,"href":"https:\/\/anwalt-offenbach.de\/wordpress\/wp-json\/wp\/v2\/pages\/164\/revisions"}],"predecessor-version":[{"id":588,"href":"https:\/\/anwalt-offenbach.de\/wordpress\/wp-json\/wp\/v2\/pages\/164\/revisions\/588"}],"wp:attachment":[{"href":"https:\/\/anwalt-offenbach.de\/wordpress\/wp-json\/wp\/v2\/media?parent=164"}],"curies":[{"name":"wp","href":"https:\/\/api.w.org\/{rel}","templated":true}]}}